{"id":256,"date":"2015-06-12T00:49:27","date_gmt":"2015-06-11T21:49:27","guid":{"rendered":"http:\/\/lutherdivari.fi\/kotisivu\/?page_id=256"},"modified":"2019-04-23T20:30:50","modified_gmt":"2019-04-23T17:30:50","slug":"divari-etsii","status":"publish","type":"page","link":"https:\/\/lutherdivari.fi\/kotisivu\/divari-etsii\/","title":{"rendered":"Kirjoja etsit\u00e4\u00e4n"},"content":{"rendered":"\n<p>Alla mainituista etsitt\u00e4vist\u00e4 kirjoista voi j\u00e4tt\u00e4\u00e4 my\u00f6s tilausvarauksia j\u00e4tt\u00e4m\u00e4ll\u00e4 kommenttia alla!<\/p>\n\n\n\n<figure><iframe loading=\"lazy\" src=\"https:\/\/docs.google.com\/document\/d\/1sZ_zF0hnKVvIgPW0wHKcFF1H8N88JtM7bV6gLuHGKh0\/pub?embedded=false\" width=\"500\" height=\"500\"><\/iframe><\/figure>\n","protected":false},"excerpt":{"rendered":"<p>Alla mainituista etsitt\u00e4vist\u00e4 kirjoista voi j\u00e4tt\u00e4\u00e4 my\u00f6s tilausvarauksia j\u00e4tt\u00e4m\u00e4ll\u00e4 kommenttia alla!<\/p>\n","protected":false},"author":1,"featured_media":0,"parent":0,"menu_order":0,"comment_status":"open","ping_status":"open","template":"","meta":[],"_links":{"self":[{"href":"https:\/\/lutherdivari.fi\/kotisivu\/wp-json\/wp\/v2\/pages\/256"}],"collection":[{"href":"https:\/\/lutherdivari.fi\/kotisivu\/wp-json\/wp\/v2\/pages"}],"about":[{"href":"https:\/\/lutherdivari.fi\/kotisivu\/wp-json\/wp\/v2\/types\/page"}],"author":[{"embeddable":true,"href":"https:\/\/lutherdivari.fi\/kotisivu\/wp-json\/wp\/v2\/users\/1"}],"replies":[{"embeddable":true,"href":"https:\/\/lutherdivari.fi\/kotisivu\/wp-json\/wp\/v2\/comments?post=256"}],"version-history":[{"count":12,"href":"https:\/\/lutherdivari.fi\/kotisivu\/wp-json\/wp\/v2\/pages\/256\/revisions"}],"predecessor-version":[{"id":479,"href":"https:\/\/lutherdivari.fi\/kotisivu\/wp-json\/wp\/v2\/pages\/256\/revisions\/479"}],"wp:attachment":[{"href":"https:\/\/lutherdivari.fi\/kotisivu\/wp-json\/wp\/v2\/media?parent=256"}],"curies":[{"name":"wp","href":"https:\/\/api.w.org\/{rel}","templated":true}]}}